{"id":235,"date":"2020-10-06T08:14:54","date_gmt":"2020-10-06T08:14:54","guid":{"rendered":"https:\/\/nanocareiberia.com\/liquidguard\/?post_type=product&#038;p=235"},"modified":"2020-11-06T11:45:03","modified_gmt":"2020-11-06T11:45:03","slug":"liquid-guard-kit-liquido","status":"publish","type":"product","link":"https:\/\/nanocareiberia.com\/liquidguard\/producto\/liquid-guard-kit-liquido\/","title":{"rendered":"LIQUID GUARD\u00ae KIT L\u00edquido 250ml<br>Hasta 5ml \/m2"},"content":{"rendered":"<p><strong>Paso 1 &#8211; SPRAY 1 <\/strong><\/p>\n<p><strong>Composici\u00f3n: <\/strong>fosfatos, activador, perfume, agua. Otros ingredientes: agua desmineralizada. <strong>\u00c1reas de aplicaci\u00f3n \/ Descripci\u00f3n del producto: <\/strong>limpiador e imprimador de superficies No absorbente. <strong>Aplicaci\u00f3n: <\/strong>solo para superficies no absorbentes. Agitar antes utilizar. Roc\u00ede sobre la superficie hasta que est\u00e9 completamente cubierta. Extender la superficie con un papel limpio o un pa\u00f1o de microfibra hasta que quede seco y que se eliminen todos los rastros visibles. Despu\u00e9s del uso, mantener cerrado. Despu\u00e9s de la apertura, utilizable como m\u00e1ximo hasta el vencimiento de la fecha de vencimiento de 1 a\u00f1o. Utilice la desinfecci\u00f3n permanente de superficies con cuidado. Utilice protecci\u00f3n para las manos. Antes de usar, lea siempre la etiqueta y la informaci\u00f3n del producto.<\/p>\n<p><strong>Paso 2 &#8211; SPRAY 2 <\/strong><\/p>\n<p><strong>Composici\u00f3n: <\/strong>100 g de soluci\u00f3n contienen: Quat-silsesquioxano &lt;3 g. Otros componentes: pol\u00edmeros, agua desmineralizada, di\u00f3xido de silicio amorfo. <strong>\u00c1reas de aplicaci\u00f3n \/ descripci\u00f3n del producto: <\/strong>Recubrimiento l\u00edquido permanente para proteger superficies contra ataques microbianos y contra el desgaste, para consumidores o usuarios profesionales <strong>Aplicaci\u00f3n: <\/strong>Agitar antes de usar. Superficies no absorbente: pulverizar sobre la superficie previamente limpiada (con spray n \u00b0 1) hasta que est\u00e1 completamente cubierto. Pula la superficie con papel limpio o un pa\u00f1o de microfibra hasta que est\u00e9 seco y todos los rastros visibles est\u00e9n eliminados. La superficie tratada puede usarse nuevamente despu\u00e9s de un tiempo de secado de 6 horas (a temperatura ambiente). No toque la superficie durante este tiempo. Despu\u00e9s del uso, mantener cerrado. Despu\u00e9s de abrir, utilizable hasta 1 a\u00f1o. Use el producto de desinfecci\u00f3n con cuidado permanente de superficies. Use protecci\u00f3n para las manos. Antes de usar, siempre lea la etiqueta y la informaci\u00f3n del producto.<\/p>\n<p>&nbsp;<\/p>\n<p><strong>Especificaci\u00f3n:<\/strong><\/p>\n<p>Base qu\u00edmica: s\u00edlice modificada crea una capa de vidrio antimicrobiano no migrante<\/p>\n<p>Espesor de capa: Ca.150-300nm<\/p>\n<p>Resistencia al agua: ligeramente hidrof\u00f3bico.<\/p>\n<p>Temperatura Estabilidad: ligeramente hidrof\u00f3bico<\/p>\n<p>Estabilidad qu\u00edmica: resistente a los solventes<\/p>\n<p>Resistente a la intemperie: 200h seg\u00fan ISO 11507 A (corresponde a alrededor de 3-4 a\u00f1os)<\/p>\n<p><u>Resiliencia(mec\u00e1nico):<\/u><\/p>\n<p>Vidrio. Cer\u00e1mica&gt; 40.000 ciclos seg\u00fan ISO 11998 (limpieza con agua)<\/p>\n<p>Metales nobles&gt; 20,000 ciclos seg\u00fan ISO 11998 (limpieza con agua)<\/p>\n<p>Pl\u00e1sticos&gt; 5.000 ciclos seg\u00fan ISO 11998 (limpieza con agua)<\/p>\n<p>Agua salada resistente: si<\/p>\n<p>Transparencia: 100%<\/p>\n<p>Estabilidad de almacenamiento: 1 a\u00f1o<\/p>\n<p>Temperatura sensibilidad: 3 a 40o C<\/p>\n<p>1 x toallita de limpieza y polimerizaci\u00f3n + 1 x toallita de activaci\u00f3n de hasta 4m\u00b2;<\/p>\n<p>&nbsp;<\/p>\n<p><strong>Superficies compatibles<\/strong><\/p>\n<p>Liquid Guard\u00ae se puede utilizar en estas superficies:<\/p>\n<ul>\n<li>Cristal<\/li>\n<li>Cer\u00e1mica<\/li>\n<li>Metales resistentes a la oxidaci\u00f3n.<\/li>\n<li>Pl\u00e1sticos, hechos de p. PMMA, ABS, ECTFE, HDPE, LDPE, PA, PC, PMP, PP, PS, PVC, SAN o SI<\/li>\n<li>Barnices<\/li>\n<li>Cartones impresos y envoltorios<\/li>\n<\/ul>\n<p>&nbsp;<\/p>\n<p><strong>Superficies incompatibles<\/strong><\/p>\n<p>Nuestros productos NO PUEDEN usarse en estas superficies:<\/p>\n<ul>\n<li>Superficies en contacto con alimentos<\/li>\n<li>Superficies sensibles al agua, como p. Ej. papel<\/li>\n<\/ul>\n<p>Si no est\u00e1 seguro de si nuestros productos son adecuados para cualquier superficie, por favor no los use.<\/p>\n<p>&nbsp;<\/p>\n<p><strong>LIQUID GUARD\u00ae clean + primer y LIQUID GUARD\u00ae Spray<\/strong> son productos no peligrosos registrados de acuerdo con ADR e IATA.<\/p>\n<p>Para la utilizaci\u00f3n de LIQUID GUARD\u00ae, consulte las instrucciones de seguridad para cada componente, as\u00ed como el folleto informativo sobre L\u00cdQUIDO GUARD\u00ae.<\/p>\n<p>&nbsp;<\/p>\n<p><strong>Mantenimiento de superficies tratadas con Liquid Guard\u00ae: <\/strong><\/p>\n<p>El mantenimiento peri\u00f3dico con agua, para eliminar la suciedad gruesa, es generalmente suficiente para mantener una superficie limpia y libre de g\u00e9rmenes durante mucho tiempo. El tratamiento es resistente a los productos de limpieza m\u00e1s comunes. Sin embargo, para garantizar su efectividad a largo plazo, los productos que tienen PH demasiado bajo o demasiado alto. Este <strong>PH <\/strong>idealmente deber\u00eda estar entre 4 y 10.5.<\/p>\n<p><strong>Liquid Guard\u00ae: Advertencia sobre las pruebas <\/strong><\/p>\n<p><strong>Actividad de producto NO est\u00e1ndar * <\/strong><\/p>\n<p>Para verificar la efectividad de Liquid Guard a lo largo del tiempo, se debe tener en cuenta que:<\/p>\n<p>\u27a2 El producto debe aplicarse correctamente.<\/p>\n<p>&#8211; Siga el orden de los pasos de aplicaci\u00f3n del producto:<\/p>\n<p>&#8211; Siga el orden de los pasos de aplicaci\u00f3n del producto: paso 1 y luego paso 2<\/p>\n<p>&#8211; Tiempo de curado y secado: 6 h.<\/p>\n<p>\u27a2 Se debe poner a disposici\u00f3n una muestra de control en blanco (sin tratar).<\/p>\n<p>\u27a2 Las muestras de referencia (tratadas) est\u00e1n disponibles (antes de la limpieza y el tratamiento, y al menos despu\u00e9s de 6 h de secado).<\/p>\n<p>\u27a2 La muestra de control y la muestra tratada se exponen a las mismas condiciones de prueba.<\/p>\n<p>(Esto incluye la ubicaci\u00f3n y las influencias ambientales).<\/p>\n<p>\u27a2 Se observa un per\u00edodo de 24 horas entre el \u00faltimo contacto (al tacto) con la superficie<\/p>\n<p>procesados y medidos (datos basados en una cin\u00e9tica efectiva seg\u00fan JIS Z 2801).<\/p>\n<p><strong>M\u00e9todos de prueba: <\/strong><\/p>\n<p>\u27a2 Dipslides \u2192 determinaci\u00f3n del n\u00famero de bacterias en los medios de cultivo.<\/p>\n<p>\u27a2 Prueba de ATP \u2192 determinaci\u00f3n del grado de higiene &#8211; Detecci\u00f3n de residuos microbiol\u00f3gicos.<\/p>\n<p>* Si se realizan pruebas de eficacia no estandarizadas, tenga en cuenta que los resultados se basan en un m\u00e9todo de lectura <strong>instant\u00e1nea<\/strong>. Esto significa que a diferencia de resultados obtenidos en condiciones de laboratorio estandarizadas, el n\u00famero exacto de los g\u00e9rmenes muertos no se pueden determinar. Usando este m\u00e9todo, tampoco es posible obtener resultados reproducibles debido a las condiciones iniciales (n\u00famero de g\u00e9rmenes) nunca son lo mismo (m\u00e9todo de lectura instant\u00e1nea).<\/p>\n","protected":false},"excerpt":{"rendered":"<p><strong>\u2013 PR\u00d3XIMAMENTE A LA VENTA \u2013<\/strong><\/p>\n<p>Liquid Guard forma una micro capa invisible de nano part\u00edculas de di\u00f3xido de silicio (SiO2) con carga i\u00f3nica positiva que atrae mol\u00e9culas de virus, bacterias, hongos y esporas y luego las perfora e inactiva dejando completamente desinfectada la superficie hasta 1 a\u00f1o o 50 ciclos de lavado. Eficaz contra: bacterias, microbios, influenza A, coronavirus TGEV, hongos, algas, y levaduras. NORMA ISO ISO 27702:2019 y\u00a0 JIS Z 2801:2012\u201d<\/p>\n<p><strong>1 x Spray 250 ml de limpieza y polimerizaci\u00f3n + 1 x Spray 250ml de activaci\u00f3n: Aprox. 5 ml por m\u00b2 hasta para superficie no absorbente y para 50m\u00b2<\/strong><\/p>\n","protected":false},"featured_media":275,"template":"","meta":{"_mi_skip_tracking":false,"_monsterinsights_sitenote_active":false,"_monsterinsights_sitenote_note":"","_monsterinsights_sitenote_category":0},"product_cat":[18],"product_tag":[],"_links":{"self":[{"href":"https:\/\/nanocareiberia.com\/liquidguard\/wp-json\/wp\/v2\/product\/235"}],"collection":[{"href":"https:\/\/nanocareiberia.com\/liquidguard\/wp-json\/wp\/v2\/product"}],"about":[{"href":"https:\/\/nanocareiberia.com\/liquidguard\/wp-json\/wp\/v2\/types\/product"}],"wp:featuredmedia":[{"embeddable":true,"href":"https:\/\/nanocareiberia.com\/liquidguard\/wp-json\/wp\/v2\/media\/275"}],"wp:attachment":[{"href":"https:\/\/nanocareiberia.com\/liquidguard\/wp-json\/wp\/v2\/media?parent=235"}],"wp:term":[{"taxonomy":"product_cat","embeddable":true,"href":"https:\/\/nanocareiberia.com\/liquidguard\/wp-json\/wp\/v2\/product_cat?post=235"},{"taxonomy":"product_tag","embeddable":true,"href":"https:\/\/nanocareiberia.com\/liquidguard\/wp-json\/wp\/v2\/product_tag?post=235"}],"curies":[{"name":"wp","href":"https:\/\/api.w.org\/{rel}","templated":true}]}}