{"id":155,"date":"2020-09-07T13:39:54","date_gmt":"2020-09-07T13:39:54","guid":{"rendered":"https:\/\/nanocareiberia.com\/liquidguard\/?post_type=product&#038;p=155"},"modified":"2020-11-06T11:45:15","modified_gmt":"2020-11-06T11:45:15","slug":"liquid-guard-kit-toallitas","status":"publish","type":"product","link":"https:\/\/nanocareiberia.com\/liquidguard\/producto\/liquid-guard-kit-toallitas\/","title":{"rendered":"LIQUID GUARD\u00ae KIT Toallitas<br>Hasta 4m2 por kit"},"content":{"rendered":"<p><strong>Paso 1 &#8211; Toallita 1 <\/strong><\/p>\n<p><strong>Composici\u00f3n: <\/strong>fosfatos, activador, perfume, agua. <strong>Otros ingredientes: <\/strong>agua desmineralizada. <strong>\u00c1reas de aplicaci\u00f3n \/ Descripci\u00f3n del producto: <\/strong>limpiador e imprimaci\u00f3n para superficies no absorbentes. <strong>Aplicaci\u00f3n: <\/strong>Extender la superficie con la toallita ten cuidado de ir a todas partes. Solo en caso de contaminaci\u00f3n extrema (o incrustaciones de cal) debe de usarse una prelimpieza para el tipo espec\u00edfico de contaminaci\u00f3n\/suciedad. Elimine las huellas visibles con un papel o pa\u00f1o limpio. Despu\u00e9s de que el l\u00edquido se haya evaporado (alrededor de 5 minutos a temperatura ambiente normal) se formara una capa de pol\u00edmero. Solo para un solo uso. Usar inmediatamente despu\u00e9s de abrir. Use el producto de manera segura. Use protecci\u00f3n para las manos. Siempre lea la etiqueta e informaci\u00f3n del producto antes de su uso.<\/p>\n<p><strong>Paso 2 &#8211; Toallita 2 <\/strong><\/p>\n<p><strong>Composici\u00f3n: <\/strong>100 g de soluci\u00f3n contienen: Quat-silsesquioxano &lt;3 g. <strong>Otro componentes: <\/strong>pol\u00edmeros, agua desmineralizada, di\u00f3xido de silicio amorfo. <strong>Areas de aplicaci\u00f3n \/ descripci\u00f3n del producto: <\/strong>recubrimiento l\u00edquido permanente para proteger contra ataques microbianos y contra el desgaste, para consumidores o usuarios profesionales <strong>Aplicaci\u00f3n: <\/strong>Para activar la capa de pol\u00edmero para que se vuelva antimicrobiana, l\u00edmpiela con la toallita de activaci\u00f3n (L\u00cdQUIDO GUARD\u00ae wipe) a fondo seg\u00fan el paso 1. Extender la superficie (previamente limpiada y seca) usando la toallita cuidando pasar por todas partes. Despu\u00e9s de 2 minutos elimine las huellas visibles con papel, toalla de papel o un pa\u00f1o limpio y seco de microfibra hasta que desaparezcan todas las rayas visibles.<\/p>\n<p>La superficie tratada puede ser nuevamente usada despu\u00e9s de un tiempo de secado de 6 horas (a temperatura ambiente). Solo apto para un solo uso. Usar inmediatamente despu\u00e9s de abrir. Utilizar el producto de desinfecci\u00f3n permanente de superficies con cuidado. Use protecci\u00f3n para las manos. Antes de usar, lea siempre la etiqueta y la informaci\u00f3n del producto.<\/p>\n<p>&nbsp;<\/p>\n<p><strong>Especificaci\u00f3n:<\/strong><\/p>\n<p>Base qu\u00edmica: s\u00edlice modificada crea una capa de vidrio antimicrobiano no migrante<\/p>\n<p>Espesor de capa: Ca.150-300nm<\/p>\n<p>Resistencia al agua: ligeramente hidrof\u00f3bico.<\/p>\n<p>Temperatura Estabilidad: ligeramente hidrof\u00f3bico<\/p>\n<p>Estabilidad qu\u00edmica: resistente a los solventes<\/p>\n<p>Resistente a la intemperie: 200h seg\u00fan ISO 11507 A (corresponde a alrededor de 3-4 a\u00f1os)<\/p>\n<p><u>Resiliencia(mec\u00e1nico):<\/u><\/p>\n<p>Vidrio. Cer\u00e1mica&gt; 40.000 ciclos seg\u00fan ISO 11998 (limpieza con agua)<\/p>\n<p>Metales nobles&gt; 20,000 ciclos seg\u00fan ISO 11998 (limpieza con agua)<\/p>\n<p>Pl\u00e1sticos&gt; 5.000 ciclos seg\u00fan ISO 11998 (limpieza con agua)<\/p>\n<p>Agua salada resistente: si<\/p>\n<p>Transparencia: 100%<\/p>\n<p>Estabilidad de almacenamiento: 1 a\u00f1o<\/p>\n<p>Temperatura sensibilidad: 3 a 40o C<\/p>\n<p>1 x toallita de limpieza y polimerizaci\u00f3n + 1 x toallita de activaci\u00f3n de hasta 4m\u00b2;<\/p>\n<p>&nbsp;<\/p>\n<p><strong>Superficies compatibles<\/strong><\/p>\n<p>Liquid Guard\u00ae se puede utilizar en estas superficies:<\/p>\n<ul>\n<li>Cristal<\/li>\n<li>Cer\u00e1mica<\/li>\n<li>Metales resistentes a la oxidaci\u00f3n.<\/li>\n<li>Pl\u00e1sticos, hechos de p. PMMA, ABS, ECTFE, HDPE, LDPE, PA, PC, PMP, PP, PS, PVC, SAN o SI<\/li>\n<li>Barnices<\/li>\n<li>Cartones impresos y envoltorios<\/li>\n<\/ul>\n<p>&nbsp;<\/p>\n<p><strong>Superficies incompatibles<\/strong><\/p>\n<p>Nuestros productos NO PUEDEN usarse en estas superficies:<\/p>\n<ul>\n<li>Superficies en contacto con alimentos<\/li>\n<li>Superficies sensibles al agua, como p. Ej. papel<\/li>\n<\/ul>\n<p>Si no est\u00e1 seguro de si nuestros productos son adecuados para cualquier superficie, por favor no lo use.<\/p>\n<p>&nbsp;<\/p>\n<p><strong>LIQUID GUARD\u00ae clean + primer wipe y LIQUID GUARD\u00ae wipe<\/strong> son productos no peligrosos registrados de acuerdo con ADR e IATA.<\/p>\n<p>Para la utilizaci\u00f3n de LIQUID GUARD\u00ae, consulte las instrucciones de seguridad para cada componente, as\u00ed como el folleto informativo sobre L\u00cdQUIDO GUARD\u00ae.<\/p>\n<p>&nbsp;<\/p>\n<p><strong>Mantenimiento de superficies tratadas con Liquid Guard\u00ae: <\/strong><\/p>\n<p>El mantenimiento peri\u00f3dico con agua, para eliminar la suciedad gruesa, es generalmente suficiente para mantener una superficie limpia y libre de g\u00e9rmenes durante mucho tiempo. El tratamiento es resistente a los productos de limpieza m\u00e1s comunes. Sin embargo, para garantizar su efectividad a largo plazo, los productos que tienen PH demasiado bajo o demasiado alto. Este <strong>PH <\/strong>idealmente deber\u00eda estar entre 4 y 10.5.<\/p>\n<p><strong>Liquid Guard\u00ae: Advertencia sobre las pruebas <\/strong><\/p>\n<p><strong>Actividad de producto NO est\u00e1ndar * <\/strong><\/p>\n<p>Para verificar la efectividad de Liquid Guard a lo largo del tiempo, se debe tener en cuenta que:<\/p>\n<p>\u27a2 El producto debe aplicarse correctamente.<\/p>\n<p>&#8211; Siga el orden de los pasos de aplicaci\u00f3n del producto:<\/p>\n<p>&#8211; Siga el orden de los pasos de aplicaci\u00f3n del producto: paso 1 y luego paso 2<\/p>\n<p>&#8211; Tiempo de curado y secado: 6 h.<\/p>\n<p>\u27a2 Se debe poner a disposici\u00f3n una muestra de control en blanco (sin tratar).<\/p>\n<p>\u27a2 Las muestras de referencia (tratadas) est\u00e1n disponibles (antes de la limpieza y el tratamiento, y al menos despu\u00e9s de 6 h de secado).<\/p>\n<p>\u27a2 La muestra de control y la muestra tratada se exponen a las mismas condiciones de prueba.<\/p>\n<p>(Esto incluye la ubicaci\u00f3n y las influencias ambientales).<\/p>\n<p>\u27a2 Se observa un per\u00edodo de 24 horas entre el \u00faltimo contacto (al tacto) con la superficie<\/p>\n<p>procesados y medidos (datos basados en una cin\u00e9tica efectiva seg\u00fan JIS Z 2801).<\/p>\n<p><strong>M\u00e9todos de prueba: <\/strong><\/p>\n<p>\u27a2 Dipslides \u2192 determinaci\u00f3n del n\u00famero de bacterias en los medios de cultivo.<\/p>\n<p>\u27a2 Prueba de ATP \u2192 determinaci\u00f3n del grado de higiene &#8211; Detecci\u00f3n de residuos microbiol\u00f3gicos.<\/p>\n<p>* Si se realizan pruebas de eficacia no estandarizadas, tenga en cuenta que los resultados se basan en un m\u00e9todo de lectura <strong>instant\u00e1nea<\/strong>. Esto significa que a diferencia de resultados obtenidos en condiciones de laboratorio estandarizadas, el n\u00famero exacto de los g\u00e9rmenes muertos no se pueden determinar. Usando este m\u00e9todo, tampoco es posible obtener resultados reproducibles debido a las condiciones iniciales (n\u00famero de g\u00e9rmenes) nunca son lo mismo (m\u00e9todo de lectura instant\u00e1nea).<\/p>\n","protected":false},"excerpt":{"rendered":"<p><strong>&#8211; PR\u00d3XIMAMENTE A LA VENTA &#8211;<\/strong><\/p>\n<p>Liquid Guard forma una micro capa invisible de nano part\u00edculas de di\u00f3xido de silicio (SiO2) con carga i\u00f3nica positiva que atrae mol\u00e9culas de virus, bacterias, hongos y esporas y luego las perfora e inactiva dejando completamente desinfectada la superficie hasta 1 a\u00f1o. Eficaz contra: bacterias, microbios, influenza A, coronavirus TGEV, hongos, algas, y levaduras. NORMA ISO ISO 27702:2019 y\u00a0 JIS Z 2801:2012\u201d<\/p>\n<p><strong>1 x toallita de limpieza y polimerizaci\u00f3n + 1 x toallita de activaci\u00f3n para superficie no absorbente de hasta 4m\u00b2<\/strong><\/p>\n","protected":false},"featured_media":274,"template":"","meta":{"_mi_skip_tracking":false,"_monsterinsights_sitenote_active":false,"_monsterinsights_sitenote_note":"","_monsterinsights_sitenote_category":0},"product_cat":[18],"product_tag":[],"_links":{"self":[{"href":"https:\/\/nanocareiberia.com\/liquidguard\/wp-json\/wp\/v2\/product\/155"}],"collection":[{"href":"https:\/\/nanocareiberia.com\/liquidguard\/wp-json\/wp\/v2\/product"}],"about":[{"href":"https:\/\/nanocareiberia.com\/liquidguard\/wp-json\/wp\/v2\/types\/product"}],"wp:featuredmedia":[{"embeddable":true,"href":"https:\/\/nanocareiberia.com\/liquidguard\/wp-json\/wp\/v2\/media\/274"}],"wp:attachment":[{"href":"https:\/\/nanocareiberia.com\/liquidguard\/wp-json\/wp\/v2\/media?parent=155"}],"wp:term":[{"taxonomy":"product_cat","embeddable":true,"href":"https:\/\/nanocareiberia.com\/liquidguard\/wp-json\/wp\/v2\/product_cat?post=155"},{"taxonomy":"product_tag","embeddable":true,"href":"https:\/\/nanocareiberia.com\/liquidguard\/wp-json\/wp\/v2\/product_tag?post=155"}],"curies":[{"name":"wp","href":"https:\/\/api.w.org\/{rel}","templated":true}]}}